{"id":47928,"date":"2026-03-06T15:42:46","date_gmt":"2026-03-06T12:42:46","guid":{"rendered":"https:\/\/jbshop.lv\/?post_type=product&#038;p=47928"},"modified":"2026-03-06T15:42:46","modified_gmt":"2026-03-06T12:42:46","slug":"vistu-meslu-granulas","status":"publish","type":"product","link":"https:\/\/jbshop.lv\/en\/veikals\/vistu-meslu-granulas\/","title":{"rendered":"Vistu m\u0113slu granulas"},"content":{"rendered":"<p>Granul\u0113ti, ferment\u0113ti vistu m\u0113sli. Organiskais pamatm\u0113slojums visiem lauka un siltumn\u012bcu d\u0101rze\u0146iem, ogul\u0101jiem, aug\u013ckokiem, dekorat\u012bvaj\u0101m kult\u016br\u0101m, z\u0101lienam un laukaugiem.<\/p>\n<p>&nbsp;<\/p>\n<p><strong>AgroGold ir 100% dabisks m\u0113slojums.\u00a0<\/strong>Vistu k\u016btsm\u0113sli ir iz\u0161\u0101v\u0113ti un tad sagranul\u0113ti. Satur kult\u016braugiem svar\u012bg\u0101k\u0101s bar\u012bbas vielas. M\u0113slojuma lieto\u0161ana nodro\u0161ina augsnes strukt\u016bras un\u00a0 augl\u012bbas uzlabo\u0161anos. Organisko vielu ietekm\u0113 palielin\u0101s augsnes mikrobiolo\u0123isk\u0101 aktivit\u0101te un uzlabojas bar\u012bbas vielu uz\u0146em\u0161ana no augsnes. Bar\u012bbas elementi apvienojum\u0101 ar organisko vielu veicina vesel\u012bg\u0101ku augu att\u012bst\u012bbu un nodro\u0161ina lab\u0101ku ra\u017eu.<\/p>\n<p>Pateicoties organiskajai izcelsmei, m\u0113slojums izmantojas pak\u0101peniski, un augi bar\u012bbas vielas sa\u0146em vis\u0101 aug\u0161anas period\u0101. AgroGold reakcija augsn\u0113 ir neitr\u0101la (pH aptuveni 7) \u2013 t\u0101 lieto\u0161ana neizraisa augsnes pask\u0101bin\u0101\u0161anos. AgroGold granulas viegli \u0161\u0137\u012bst mitr\u0101 augsn\u0113.<\/p>\n<p><strong>SATURS:<\/strong><\/p>\n<p>Organisk\u0101 viela min. 65% (saus\u0101 viel\u0101 90%)<\/p>\n<p>Kop\u0113jais sl\u0101peklis \u00a0\u00a0\u00a0(N) &#8211; \u00a0\u00a0\u00a0\u00a0\u00a0 4.0%<\/p>\n<p>Kop\u0113jais fosfors \u00a0(P<sub>2<\/sub>O<sub>5<\/sub>) &#8211;\u00a0\u00a0\u00a0\u00a0\u00a0\u00a0 3.0%<\/p>\n<p>Kop\u0113jais k\u0101lijs \u00a0\u00a0\u00a0\u00a0(K<sub>2<\/sub>O) &#8211;\u00a0\u00a0\u00a0\u00a0\u00a0\u00a0 2.0%<\/p>\n<p>Satur ar\u012b mikroelementus: Fe, Mn, Zn, Cu, B, Mo, Co.<\/p>\n<p>Cl saturs zem 0.5%.<\/p>\n","protected":false},"excerpt":{"rendered":"<p>Granul\u0113ti, ferment\u0113ti vistu m\u0113sli. Organiskais pamatm\u0113slojums visiem lauka un siltumn\u012bcu d\u0101rze\u0146iem, ogul\u0101jiem, aug\u013ckokiem, dekorat\u012bvaj\u0101m kult\u016br\u0101m, z\u0101lienam un laukaugiem. &nbsp; AgroGold ir 100% dabisks m\u0113slojums.\u00a0Vistu k\u016btsm\u0113sli ir iz\u0161\u0101v\u0113ti un tad sagranul\u0113ti. Satur kult\u016braugiem svar\u012bg\u0101k\u0101s bar\u012bbas vielas. M\u0113slojuma lieto\u0161ana nodro\u0161ina augsnes strukt\u016bras un\u00a0 augl\u012bbas uzlabo\u0161anos. Organisko vielu ietekm\u0113 palielin\u0101s augsnes mikrobiolo\u0123isk\u0101 aktivit\u0101te un uzlabojas bar\u012bbas vielu uz\u0146em\u0161ana&hellip;<\/p>\n","protected":false},"featured_media":47930,"template":"","meta":[],"product_brand":[],"product_cat":[244,245,243],"product_tag":[],"class_list":{"0":"post-47928","1":"product","2":"type-product","3":"status-publish","4":"has-post-thumbnail","6":"product_cat-meslojums-darzam","7":"product_cat-meslojums-lauksaimniekiem","8":"product_cat-meslosanas-granulas","9":"description-off","11":"first","12":"instock","13":"sale","14":"taxable","15":"shipping-taxable","16":"purchasable","17":"product-type-simple"},"_links":{"self":[{"href":"https:\/\/jbshop.lv\/en\/wp-json\/wp\/v2\/product\/47928","targetHints":{"allow":["GET"]}}],"collection":[{"href":"https:\/\/jbshop.lv\/en\/wp-json\/wp\/v2\/product"}],"about":[{"href":"https:\/\/jbshop.lv\/en\/wp-json\/wp\/v2\/types\/product"}],"version-history":[{"count":2,"href":"https:\/\/jbshop.lv\/en\/wp-json\/wp\/v2\/product\/47928\/revisions"}],"predecessor-version":[{"id":47931,"href":"https:\/\/jbshop.lv\/en\/wp-json\/wp\/v2\/product\/47928\/revisions\/47931"}],"wp:featuredmedia":[{"embeddable":true,"href":"https:\/\/jbshop.lv\/en\/wp-json\/wp\/v2\/media\/47930"}],"wp:attachment":[{"href":"https:\/\/jbshop.lv\/en\/wp-json\/wp\/v2\/media?parent=47928"}],"wp:term":[{"taxonomy":"product_brand","embeddable":true,"href":"https:\/\/jbshop.lv\/en\/wp-json\/wp\/v2\/product_brand?post=47928"},{"taxonomy":"product_cat","embeddable":true,"href":"https:\/\/jbshop.lv\/en\/wp-json\/wp\/v2\/product_cat?post=47928"},{"taxonomy":"product_tag","embeddable":true,"href":"https:\/\/jbshop.lv\/en\/wp-json\/wp\/v2\/product_tag?post=47928"}],"curies":[{"name":"wp","href":"https:\/\/api.w.org\/{rel}","templated":true}]}}